{"id":31,"date":"2016-07-14T13:38:28","date_gmt":"2016-07-14T12:38:28","guid":{"rendered":"http:\/\/www.stocktheftprevent.co.za\/?page_id=31"},"modified":"2024-08-05T13:18:18","modified_gmt":"2024-08-05T12:18:18","slug":"bemarking-van-diere","status":"publish","type":"page","link":"https:\/\/www.stocktheftprevent.co.za\/af\/bemarking-van-diere\/","title":{"rendered":"Marketing \/Bemarking"},"content":{"rendered":"<div data-elementor-type=\"wp-page\" data-elementor-id=\"31\" class=\"elementor elementor-31\" data-elementor-post-type=\"page\">\n\t\t\t\t\t\t<section class=\"elementor-section elementor-top-section elementor-element elementor-element-3ee6980 elementor-section-boxed elementor-section-height-default elementor-section-height-default\" data-id=\"3ee6980\" data-element_type=\"section\" data-e-type=\"section\" data-settings=\"{&quot;background_background&quot;:&quot;classic&quot;}\">\n\t\t\t\t\t\t<div class=\"elementor-container elementor-column-gap-default\">\n\t\t\t\t\t<div class=\"elementor-column elementor-col-100 elementor-top-column elementor-element elementor-element-e261687\" data-id=\"e261687\" data-element_type=\"column\" data-e-type=\"column\">\n\t\t\t<div class=\"elementor-widget-wrap elementor-element-populated\">\n\t\t\t\t\t\t<div class=\"elementor-element elementor-element-4e8ae52 elementor-widget elementor-widget-heading\" data-id=\"4e8ae52\" data-element_type=\"widget\" data-e-type=\"widget\" data-widget_type=\"heading.default\">\n\t\t\t\t<div class=\"elementor-widget-container\">\n\t\t\t\t\t<h2 class=\"elementor-heading-title elementor-size-default\">Bemarking<\/h2>\t\t\t\t<\/div>\n\t\t\t\t<\/div>\n\t\t\t\t\t<\/div>\n\t\t<\/div>\n\t\t\t\t\t<\/div>\n\t\t<\/section>\n\t\t\t\t<section class=\"elementor-section elementor-top-section elementor-element elementor-element-f5c4e00 elementor-section-boxed elementor-section-height-default elementor-section-height-default\" data-id=\"f5c4e00\" data-element_type=\"section\" data-e-type=\"section\">\n\t\t\t\t\t\t<div class=\"elementor-container elementor-column-gap-default\">\n\t\t\t\t\t<div class=\"elementor-column elementor-col-100 elementor-top-column elementor-element elementor-element-6de9c48\" data-id=\"6de9c48\" data-element_type=\"column\" data-e-type=\"column\">\n\t\t\t<div class=\"elementor-widget-wrap elementor-element-populated\">\n\t\t\t\t\t\t<div class=\"elementor-element elementor-element-e5afdef elementor-widget elementor-widget-text-editor\" data-id=\"e5afdef\" data-element_type=\"widget\" data-e-type=\"widget\" data-widget_type=\"text-editor.default\">\n\t\t\t\t<div class=\"elementor-widget-container\">\n\t\t\t\t\t\t\t\t\t<p>Die bemarking van diere is \u2019n boerderyproses wat met bepaalde besluite gepaard gaan. Faktore soos die diere se ouderdom, gewig, geslag, vrugbaarheid en nog baie ander speel \u2019n rol. Die hoofrede is ekonomies: die diere word vir finansi\u00eble gewin verkoop. Die finansi\u00eble sy van bemarking sluit die gebruik van die kwitansieboek, tjekboek, elektroniese finansi\u00eble oorplasings, die BTW-faktuur en verwante aspekte in.<\/p><p>Daarmee is die meeste vee-eienaars pligsgetrou, maar hulle besef nie dat hulle moontlik ander wetgewing oortree wat nie verband hou met die Suid-Afrikaanse Inkomstediens (SAID) nie. Wetgewing wat die bemarking van vee reguleer, beskerm die eienaar en alle rolspelers in die rooivleiswaardeketting aan wie die vee gelewer word. Hiervoor is die Wet op Veediefstal (Wet 57 van 1959) en die Wet op die Identifikasie van Diere (Wet 6 van 2002) gepromulgeer. Albei is steeds van krag. Die wette hanteer twee spesifieke aspekte van die bemarking van vee, naamlik die koop en verkoop asook die vervoer van vee, wat in hierdie hoofstuk kortliks bespreek word. Enigeen wat met vee handel dryf, het die plig om op hoogte te wees van alle wetgewing daaroor. Die inhoud van hierdie hoofstuk behandel net die hooftrekke van die wetgewing en moet nie as omvattend beskou word nie.<\/p><ul><li><a href=\"http:\/\/www.stocktheftprevent.co.za\/af\/?page_id=139\">Verkoop en herverkoop van diere<\/a><\/li><li><a href=\"http:\/\/www.stocktheftprevent.co.za\/af\/?page_id=151\">Van wie mag vee aangekoop word?<\/a><\/li><li><a href=\"http:\/\/www.stocktheftprevent.co.za\/af\/?page_id=157\">Verwyderingsertifikaat<\/a><\/li><\/ul>\t\t\t\t\t\t\t\t<\/div>\n\t\t\t\t<\/div>\n\t\t\t\t\t<\/div>\n\t\t<\/div>\n\t\t\t\t\t<\/div>\n\t\t<\/section>\n\t\t\t\t<\/div>","protected":false},"excerpt":{"rendered":"<p>Marketing Marketing of livestock is a farming process that involves certain decisions.\u00a0The age, weight and fertility of the animals and many other factors all play a role. \u00a0The main reason for marketing is economic: animals are sold for financial gain. \u00a0The financial side of marketing includes the use of a receipt book, cheque book,\u00a0electronic fund [&hellip;]<\/p>\n","protected":false},"author":1,"featured_media":0,"parent":0,"menu_order":0,"comment_status":"closed","ping_status":"closed","template":"elementor_header_footer","meta":{"_monsterinsights_skip_tracking":false,"_monsterinsights_sitenote_active":false,"_monsterinsights_sitenote_note":"","_monsterinsights_sitenote_category":0,"footnotes":""},"class_list":["post-31","page","type-page","status-publish","hentry","entry"],"_links":{"self":[{"href":"https:\/\/www.stocktheftprevent.co.za\/af\/wp-json\/wp\/v2\/pages\/31","targetHints":{"allow":["GET"]}}],"collection":[{"href":"https:\/\/www.stocktheftprevent.co.za\/af\/wp-json\/wp\/v2\/pages"}],"about":[{"href":"https:\/\/www.stocktheftprevent.co.za\/af\/wp-json\/wp\/v2\/types\/page"}],"author":[{"embeddable":true,"href":"https:\/\/www.stocktheftprevent.co.za\/af\/wp-json\/wp\/v2\/users\/1"}],"replies":[{"embeddable":true,"href":"https:\/\/www.stocktheftprevent.co.za\/af\/wp-json\/wp\/v2\/comments?post=31"}],"version-history":[{"count":22,"href":"https:\/\/www.stocktheftprevent.co.za\/af\/wp-json\/wp\/v2\/pages\/31\/revisions"}],"predecessor-version":[{"id":1111,"href":"https:\/\/www.stocktheftprevent.co.za\/af\/wp-json\/wp\/v2\/pages\/31\/revisions\/1111"}],"wp:attachment":[{"href":"https:\/\/www.stocktheftprevent.co.za\/af\/wp-json\/wp\/v2\/media?parent=31"}],"curies":[{"name":"wp","href":"https:\/\/api.w.org\/{rel}","templated":true}]}}